{"id":2066,"date":"2023-09-24T15:42:24","date_gmt":"2023-09-24T13:42:24","guid":{"rendered":"https:\/\/balticat.pl\/ueber-uns\/"},"modified":"2023-10-22T20:08:15","modified_gmt":"2023-10-22T18:08:15","slug":"ueber-uns","status":"publish","type":"page","link":"https:\/\/balticat.pl\/de\/ueber-uns\/","title":{"rendered":"\u00dcber uns"},"content":{"rendered":"<style>.kb-row-layout-id1895_4ec5fd-93 > .kt-row-column-wrap{align-content:start;}:where(.kb-row-layout-id1895_4ec5fd-93 > .kt-row-column-wrap) > .wp-block-kadence-column{justify-content:start;}.kb-row-layout-id1895_4ec5fd-93 > .kt-row-column-wrap{column-gap:var(--global-kb-gap-md, 2rem);row-gap:var(--global-kb-gap-md, 2rem);padding-top:var(--global-kb-spacing-lg, 3rem);padding-bottom:var(--global-kb-spacing-lg, 3rem);grid-template-columns:minmax(0, 1fr);}.kb-row-layout-id1895_4ec5fd-93 > .kt-row-layout-overlay{opacity:1;background-image:url('https:\/\/balticat.pl\/wp-content\/uploads\/2023\/09\/2222.png');background-size:cover;background-position:100% 64%;background-attachment:fixed;background-repeat:no-repeat;}.kb-row-layout-id1895_4ec5fd-93 .kt-row-layout-bottom-sep{height:30px;}.kb-row-layout-id1895_4ec5fd-93 .kt-row-layout-bottom-sep svg{width:100%;}.kb-row-layout-id1895_4ec5fd-93 .kt-row-layout-bottom-sep svg{fill:#e67817!important;}.kb-row-layout-id1895_4ec5fd-93 .kt-row-layout-top-sep{height:100px;}.kb-row-layout-id1895_4ec5fd-93 .kt-row-layout-top-sep svg{fill:#ffffff!important;}@media all and (max-width: 1024px){.kb-row-layout-id1895_4ec5fd-93 > .kt-row-column-wrap{grid-template-columns:minmax(0, 1fr);}}@media all and (max-width: 1024px){.kb-row-layout-id1895_4ec5fd-93 .kt-row-layout-bottom-sep{height:px;}}@media all and (max-width: 1024px){.kb-row-layout-id1895_4ec5fd-93 .kt-row-layout-bottom-sep svg{width:%;}}@media all and (max-width: 767px){.kb-row-layout-id1895_4ec5fd-93 > .kt-row-column-wrap{grid-template-columns:minmax(0, 1fr);}.kb-row-layout-id1895_4ec5fd-93 .kt-row-layout-bottom-sep{height:px;}.kb-row-layout-id1895_4ec5fd-93 .kt-row-layout-bottom-sep svg{width:%;}}<\/style><div class=\"kb-row-layout-wrap kb-row-layout-id1895_4ec5fd-93 alignnone kt-row-has-bg wp-block-kadence-rowlayout\"><div class=\"kt-row-layout-overlay kt-row-overlay-normal kt-jarallax\"><\/div><div class=\"kt-row-layout-bottom-sep kt-row-sep-type-sltr\"><svg viewBox=\"0 0 1000 100\" preserveAspectRatio=\"none\"><path d=\"M0,0l1000,100l-1000,0l0,-100Z\" \/><\/svg><\/div><div class=\"kt-row-column-wrap kt-has-1-columns kt-row-layout-equal kt-tab-layout-inherit kt-mobile-layout-row kt-row-valign-top\">\n<style>.kadence-column1895_7c9926-a4 > .kt-inside-inner-col,.kadence-column1895_7c9926-a4 > .kt-inside-inner-col:before{border-top-left-radius:0px;border-top-right-radius:0px;border-bottom-right-radius:0px;border-bottom-left-radius:0px;}.kadence-column1895_7c9926-a4 > .kt-inside-inner-col:before{opacity:0.3;}.kadence-column1895_7c9926-a4{position:relative;}<\/style>\n<div class=\"wp-block-kadence-column kadence-column1895_7c9926-a4\"><div class=\"kt-inside-inner-col\"><style>.wp-block-kadence-advancedheading.kt-adv-heading1895_ff7b1d-f6, .wp-block-kadence-advancedheading.kt-adv-heading1895_ff7b1d-f6[data-kb-block=\"kb-adv-heading1895_ff7b1d-f6\"]{text-align:center;font-size:40px;font-weight:800;font-style:normal;font-family:Montserrat;text-transform:uppercase;}.wp-block-kadence-advancedheading.kt-adv-heading1895_ff7b1d-f6 mark, .wp-block-kadence-advancedheading.kt-adv-heading1895_ff7b1d-f6[data-kb-block=\"kb-adv-heading1895_ff7b1d-f6\"] mark{font-style:normal;color:#f76a0c;padding-top:0px;padding-right:0px;padding-bottom:0px;padding-left:0px;}@media all and (max-width: 767px){.wp-block-kadence-advancedheading.kt-adv-heading1895_ff7b1d-f6, .wp-block-kadence-advancedheading.kt-adv-heading1895_ff7b1d-f6[data-kb-block=\"kb-adv-heading1895_ff7b1d-f6\"]{font-size:20px;}}<\/style>\n<h2 class=\"kt-adv-heading1895_ff7b1d-f6 wp-block-kadence-advancedheading has-theme-palette-9-color has-text-color\" data-kb-block=\"kb-adv-heading1895_ff7b1d-f6\">\u00dcber uns<\/h2>\n<\/div><\/div>\n\n<\/div><\/div><style>.kb-row-layout-id1895_d9687f-e3 > .kt-row-column-wrap{align-content:start;}:where(.kb-row-layout-id1895_d9687f-e3 > .kt-row-column-wrap) > .wp-block-kadence-column{justify-content:start;}.kb-row-layout-id1895_d9687f-e3 > .kt-row-column-wrap{column-gap:var(--global-kb-gap-md, 2rem);row-gap:var(--global-kb-gap-md, 2rem);max-width:var( --global-content-width, 1290px );padding-left:var(--global-content-edge-padding);padding-right:var(--global-content-edge-padding);padding-top:var(--global-kb-spacing-sm, 1.5rem);padding-bottom:var(--global-kb-spacing-sm, 1.5rem);grid-template-columns:minmax(0, 55%) minmax(0, 45%);}.kb-row-layout-id1895_d9687f-e3 > .kt-row-layout-overlay{opacity:0.30;}@media all and (max-width: 1024px){.kb-row-layout-id1895_d9687f-e3 > .kt-row-column-wrap{grid-template-columns:repeat(2, minmax(0, 1fr));}}@media all and (max-width: 767px){.kb-row-layout-id1895_d9687f-e3 > .kt-row-column-wrap{grid-template-columns:minmax(0, 1fr);}}<\/style><div class=\"kb-row-layout-wrap kb-row-layout-id1895_d9687f-e3 alignnone wp-block-kadence-rowlayout\"><div class=\"kt-row-column-wrap kt-has-2-columns kt-row-layout-equal kt-tab-layout-inherit kt-mobile-layout-row kt-row-valign-top kb-theme-content-width\">\n<style>.kadence-column1895_1e5701-6c > .kt-inside-inner-col{padding-bottom:0px;}.kadence-column1895_1e5701-6c > .kt-inside-inner-col,.kadence-column1895_1e5701-6c > .kt-inside-inner-col:before{border-top-left-radius:0px;border-top-right-radius:0px;border-bottom-right-radius:0px;border-bottom-left-radius:0px;}.kadence-column1895_1e5701-6c > .kt-inside-inner-col:before{opacity:0.3;}.kadence-column1895_1e5701-6c{position:relative;}<\/style>\n<div class=\"wp-block-kadence-column kadence-column1895_1e5701-6c\"><div class=\"kt-inside-inner-col\"><style>.wp-block-kadence-advancedheading.kt-adv-heading1895_39d626-fa, .wp-block-kadence-advancedheading.kt-adv-heading1895_39d626-fa[data-kb-block=\"kb-adv-heading1895_39d626-fa\"]{font-size:25px;font-weight:600;font-style:normal;font-family:Montserrat;text-transform:uppercase;}.wp-block-kadence-advancedheading.kt-adv-heading1895_39d626-fa mark, .wp-block-kadence-advancedheading.kt-adv-heading1895_39d626-fa[data-kb-block=\"kb-adv-heading1895_39d626-fa\"] mark{font-style:normal;color:#f76a0c;padding-top:0px;padding-right:0px;padding-bottom:0px;padding-left:0px;}<\/style>\n<h2 class=\"kt-adv-heading1895_39d626-fa wp-block-kadence-advancedheading\" data-kb-block=\"kb-adv-heading1895_39d626-fa\">\u00dcber uns<\/h2>\n\n\n<style>.wp-block-kadence-spacer.kt-block-spacer-1895_86dd95-a3 .kt-block-spacer{height:6px;}.wp-block-kadence-spacer.kt-block-spacer-1895_86dd95-a3 .kt-divider{border-top-width:4px;border-top-color:#e77717;width:8%;border-top-style:solid;}<\/style>\n<div class=\"wp-block-kadence-spacer aligncenter kt-block-spacer-1895_86dd95-a3\"><div class=\"kt-block-spacer kt-block-spacer-halign-left\"><hr class=\"kt-divider\"\/><\/div><\/div>\n\n\n<style>.wp-block-kadence-advancedheading.kt-adv-heading1895_b16f10-57, .wp-block-kadence-advancedheading.kt-adv-heading1895_b16f10-57[data-kb-block=\"kb-adv-heading1895_b16f10-57\"]{padding-bottom:var(--global-kb-spacing-xs, 1rem);font-size:18px;font-weight:400;font-style:normal;font-family:Montserrat;}.wp-block-kadence-advancedheading.kt-adv-heading1895_b16f10-57 mark, .wp-block-kadence-advancedheading.kt-adv-heading1895_b16f10-57[data-kb-block=\"kb-adv-heading1895_b16f10-57\"] mark{font-style:normal;color:#f76a0c;padding-top:0px;padding-right:0px;padding-bottom:0px;padding-left:0px;}<\/style>\n<h2 class=\"kt-adv-heading1895_b16f10-57 wp-block-kadence-advancedheading\" data-kb-block=\"kb-adv-heading1895_b16f10-57\">Die Firma BAT geh\u00f6rt zur STEVILA Gruppe, deren Bet\u00e4tigungsfelder die Lohnfertigung und der Vorrichtungsbau sind. In der Gruppe arbeiten an f\u00fcnf Standorten insgesamt 320 Mitarbeiter. BAT wurde im Jahr 2013 gegr\u00fcndet und innerhalb der Gruppe besch\u00e4ftigt sich mit der Herstellung von kundenspezifischen Ger\u00e4ten sowie der Subunternehmensfertigung von gro\u00dfen Bauteilen mit Abmessungen bis zu 8 x 3 m und einem Gewicht von bis zu 10 Tonnen.<\/h2>\n\n\n<style>.wp-block-kadence-advancedheading.kt-adv-heading1895_79aca5-ca, .wp-block-kadence-advancedheading.kt-adv-heading1895_79aca5-ca[data-kb-block=\"kb-adv-heading1895_79aca5-ca\"]{padding-bottom:var(--global-kb-spacing-xs, 1rem);font-size:18px;font-weight:400;font-style:normal;font-family:Montserrat;}.wp-block-kadence-advancedheading.kt-adv-heading1895_79aca5-ca mark, .wp-block-kadence-advancedheading.kt-adv-heading1895_79aca5-ca[data-kb-block=\"kb-adv-heading1895_79aca5-ca\"] mark{font-style:normal;color:#f76a0c;padding-top:0px;padding-right:0px;padding-bottom:0px;padding-left:0px;}<\/style>\n<h2 class=\"kt-adv-heading1895_79aca5-ca wp-block-kadence-advancedheading\" data-kb-block=\"kb-adv-heading1895_79aca5-ca\">BAT verf\u00fcgt \u00fcber ein qualifiziertes Team von 100 Mitarbeitern in seinem Werk in Koszalin. Die Mitarbeiter verf\u00fcgen \u00fcber jahrelange Erfahrung im Bereich des Vorrichtungsbaus Insgesamt steht eine Produktions- und Montagefl\u00e4che von etwa 5.500 m\u00b2 zur Verf\u00fcgung. Folgende Dienstleistungen k\u00f6nnen angeboten werden:<\/h2>\n\n\n\n<ul class=\"wp-block-list\" style=\"font-size:18px\">\n<li>Vorrichtungsbau in Einzelbaugruppen und Serie<\/li>\n\n\n\n<li>Mechanische Fertigung<\/li>\n\n\n\n<li>Fertigung von Schwei\u00df- und Blechbaugruppen<\/li>\n\n\n\n<li>Montage- und Reparaturarbeiten im Metallbereich<\/li>\n\n\n\n<li>Messtechnische Dienstleistungen<\/li>\n<\/ul>\n\n\n<style>.wp-block-kadence-advancedheading.kt-adv-heading1895_3550f2-c7, .wp-block-kadence-advancedheading.kt-adv-heading1895_3550f2-c7[data-kb-block=\"kb-adv-heading1895_3550f2-c7\"]{padding-bottom:var(--global-kb-spacing-xs, 1rem);font-size:18px;font-weight:400;font-style:normal;font-family:Montserrat;}.wp-block-kadence-advancedheading.kt-adv-heading1895_3550f2-c7 mark, .wp-block-kadence-advancedheading.kt-adv-heading1895_3550f2-c7[data-kb-block=\"kb-adv-heading1895_3550f2-c7\"] mark{font-style:normal;color:#f76a0c;padding-top:0px;padding-right:0px;padding-bottom:0px;padding-left:0px;}<\/style>\n<h2 class=\"kt-adv-heading1895_3550f2-c7 wp-block-kadence-advancedheading\" data-kb-block=\"kb-adv-heading1895_3550f2-c7\">Dank den in der STEVILA Gruppe verf\u00fcgbaren F\u00e4higkeiten k\u00f6nnen wir gro\u00dfe Mengen &#8218;von einem einzigen Lieferanten&#8216; produzieren und montieren oder Teile herstellen, die BAT allein nicht herstellen kann. So wird sogar bei Gro\u00dfauftr\u00e4gen eine \u201einhouse\u201c Fertigungsquote von weit \u00fcber 90% erreicht.<\/h2>\n\n\n\n<p style=\"font-size:18px\">Komponentenlieferanten sind wir in der Lage,<br\/>die erforderlichen Teile kosteneffizient<br\/>und termingerecht zu<br\/>beschaffen.<\/p>\n<\/div><\/div>\n\n\n<style>.kadence-column1895_21cbeb-9b > .kt-inside-inner-col,.kadence-column1895_21cbeb-9b > .kt-inside-inner-col:before{border-top-left-radius:0px;border-top-right-radius:0px;border-bottom-right-radius:0px;border-bottom-left-radius:0px;}.kadence-column1895_21cbeb-9b > .kt-inside-inner-col:before{opacity:0.3;}.kadence-column1895_21cbeb-9b{position:relative;}<\/style>\n<div class=\"wp-block-kadence-column kadence-column1895_21cbeb-9b\"><div class=\"kt-inside-inner-col\"><style>.wp-block-kadence-advancedheading.kt-adv-heading1895_deecb7-95, .wp-block-kadence-advancedheading.kt-adv-heading1895_deecb7-95[data-kb-block=\"kb-adv-heading1895_deecb7-95\"]{font-size:25px;font-weight:600;font-style:normal;font-family:Montserrat;text-transform:uppercase;}.wp-block-kadence-advancedheading.kt-adv-heading1895_deecb7-95 mark, .wp-block-kadence-advancedheading.kt-adv-heading1895_deecb7-95[data-kb-block=\"kb-adv-heading1895_deecb7-95\"] mark{font-style:normal;color:#f76a0c;padding-top:0px;padding-right:0px;padding-bottom:0px;padding-left:0px;}<\/style>\n<h2 class=\"kt-adv-heading1895_deecb7-95 wp-block-kadence-advancedheading\" data-kb-block=\"kb-adv-heading1895_deecb7-95\">DIE VORTEILE VON BAT IM \u00dcBERBLICK<\/h2>\n\n\n<style>.wp-block-kadence-spacer.kt-block-spacer-1895_61b9d4-97 .kt-block-spacer{height:6px;}.wp-block-kadence-spacer.kt-block-spacer-1895_61b9d4-97 .kt-divider{border-top-width:4px;border-top-color:#e77717;width:8%;border-top-style:solid;}<\/style>\n<div class=\"wp-block-kadence-spacer aligncenter kt-block-spacer-1895_61b9d4-97\"><div class=\"kt-block-spacer kt-block-spacer-halign-left\"><hr class=\"kt-divider\"\/><\/div><\/div>\n\n\n\n<div style=\"height:25px\" aria-hidden=\"true\" class=\"wp-block-spacer\"><\/div>\n\n\n\n<ul class=\"wp-block-list\">\n<li>gro\u00dfe Volumen \u201einhouse\u201c umsetzbar<\/li>\n\n\n\n<li>schnelle Lieferzeiten und gro\u00dfe Flexibilit\u00e4t bei \u00c4nderungsw\u00fcnschen<\/li>\n\n\n\n<li>Qualifiziertes Personal mit jahrelanger Erfahrung<\/li>\n\n\n\n<li>Gro\u00dfe Montagefl\u00e4chen<\/li>\n\n\n\n<li>Niedrige Kostenstruktur<\/li>\n\n\n\n<li>G\u00fcnstige Lage in Koszalin.<\/li>\n<\/ul>\n\n\n<style>.wp-block-kadence-advancedheading.kt-adv-heading1895_42bf61-05, .wp-block-kadence-advancedheading.kt-adv-heading1895_42bf61-05[data-kb-block=\"kb-adv-heading1895_42bf61-05\"]{padding-bottom:var(--global-kb-spacing-xs, 1rem);font-size:18px;font-weight:400;font-style:normal;font-family:Montserrat;}.wp-block-kadence-advancedheading.kt-adv-heading1895_42bf61-05 mark, .wp-block-kadence-advancedheading.kt-adv-heading1895_42bf61-05[data-kb-block=\"kb-adv-heading1895_42bf61-05\"] mark{font-style:normal;color:#f76a0c;padding-top:0px;padding-right:0px;padding-bottom:0px;padding-left:0px;}<\/style>\n<h2 class=\"kt-adv-heading1895_42bf61-05 wp-block-kadence-advancedheading\" data-kb-block=\"kb-adv-heading1895_42bf61-05\">Ein weltweiter Kundenstamm sch\u00e4tzt diese Vorteile.<\/h2>\n\n\n<style>.wp-block-kadence-advancedheading.kt-adv-heading1895_0fcb93-98, .wp-block-kadence-advancedheading.kt-adv-heading1895_0fcb93-98[data-kb-block=\"kb-adv-heading1895_0fcb93-98\"]{font-size:25px;font-weight:600;font-style:normal;font-family:Montserrat;text-transform:uppercase;}.wp-block-kadence-advancedheading.kt-adv-heading1895_0fcb93-98 mark, .wp-block-kadence-advancedheading.kt-adv-heading1895_0fcb93-98[data-kb-block=\"kb-adv-heading1895_0fcb93-98\"] mark{font-style:normal;color:#f76a0c;padding-top:0px;padding-right:0px;padding-bottom:0px;padding-left:0px;}<\/style>\n<h2 class=\"kt-adv-heading1895_0fcb93-98 wp-block-kadence-advancedheading\" data-kb-block=\"kb-adv-heading1895_0fcb93-98\">FAKTEN UND KENNZAHLEN<\/h2>\n\n\n<style>.wp-block-kadence-spacer.kt-block-spacer-1895_313f7f-0b .kt-block-spacer{height:6px;}.wp-block-kadence-spacer.kt-block-spacer-1895_313f7f-0b .kt-divider{border-top-width:4px;border-top-color:#e77717;width:8%;border-top-style:solid;}<\/style>\n<div class=\"wp-block-kadence-spacer aligncenter kt-block-spacer-1895_313f7f-0b\"><div class=\"kt-block-spacer kt-block-spacer-halign-left\"><hr class=\"kt-divider\"\/><\/div><\/div>\n\n\n\n<div style=\"height:25px\" aria-hidden=\"true\" class=\"wp-block-spacer\"><\/div>\n\n\n\n<ul class=\"wp-block-list\">\n<li>BAT wurde 2013 gegr\u00fcndet<\/li>\n\n\n\n<li>Gesch\u00e4ftsbereich &#8211; Bau von Maschinen und Anlagen f\u00fcr Montagelinien in der Automobilindustrie.<\/li>\n\n\n\n<li>100 Mitarbeiter<\/li>\n\n\n\n<li>Die Produktions- und Montagefl\u00e4che betr\u00e4gt 5500 m\u00b2<\/li>\n\n\n\n<li>Wir verf\u00fcgen \u00fcber 35 CNC-Maschinen zur Bearbeitung.<\/li>\n\n\n\n<li>Wir sind eine Gesellschaft mit beschr\u00e4nkter Haftung<\/li>\n\n\n\n<li>Der Gesch\u00e4ftsf\u00fchrer der Firma ist Dariusz Schank.<\/li>\n\n\n\n<li>BAT ist Teil der STEVILA-Gruppe: Stevila (LT), Linatec (DE), Baltic Automotive Technologies (PL), Irkatek (UA).<\/li>\n<\/ul>\n<\/div><\/div>\n\n<\/div><\/div>","protected":false},"excerpt":{"rendered":"<p>\u00dcber uns \u00dcber uns Die Firma BAT geh\u00f6rt zur STEVILA Gruppe, deren Bet\u00e4tigungsfelder die Lohnfertigung und der Vorrichtungsbau sind. In der Gruppe arbeiten an f\u00fcnf Standorten insgesamt 320 Mitarbeiter. BAT wurde im Jahr 2013 gegr\u00fcndet und innerhalb der Gruppe besch\u00e4ftigt sich mit der Herstellung von kundenspezifischen Ger\u00e4ten sowie der Subunternehmensfertigung von gro\u00dfen Bauteilen mit Abmessungen&#8230;<\/p>\n","protected":false},"author":1,"featured_media":0,"parent":0,"menu_order":0,"comment_status":"closed","ping_status":"closed","template":"","meta":{"inline_featured_image":false,"_kad_blocks_custom_css":"","_kad_blocks_head_custom_js":"","_kad_blocks_body_custom_js":"","_kad_blocks_footer_custom_js":"","_kad_post_transparent":"","_kad_post_title":"","_kad_post_layout":"","_kad_post_sidebar_id":"","_kad_post_content_style":"","_kad_post_vertical_padding":"","_kad_post_feature":"","_kad_post_feature_position":"","_kad_post_header":false,"_kad_post_footer":false,"footnotes":""},"class_list":["post-2066","page","type-page","status-publish","hentry"],"taxonomy_info":[],"featured_image_src_large":false,"author_info":{"display_name":"admin_balticat2","author_link":"https:\/\/balticat.pl\/de\/author\/admin_balticat2\/"},"comment_info":0,"_links":{"self":[{"href":"https:\/\/balticat.pl\/de\/wp-json\/wp\/v2\/pages\/2066","targetHints":{"allow":["GET"]}}],"collection":[{"href":"https:\/\/balticat.pl\/de\/wp-json\/wp\/v2\/pages"}],"about":[{"href":"https:\/\/balticat.pl\/de\/wp-json\/wp\/v2\/types\/page"}],"author":[{"embeddable":true,"href":"https:\/\/balticat.pl\/de\/wp-json\/wp\/v2\/users\/1"}],"replies":[{"embeddable":true,"href":"https:\/\/balticat.pl\/de\/wp-json\/wp\/v2\/comments?post=2066"}],"version-history":[{"count":0,"href":"https:\/\/balticat.pl\/de\/wp-json\/wp\/v2\/pages\/2066\/revisions"}],"wp:attachment":[{"href":"https:\/\/balticat.pl\/de\/wp-json\/wp\/v2\/media?parent=2066"}],"curies":[{"name":"wp","href":"https:\/\/api.w.org\/{rel}","templated":true}]}}