{"id":2106,"date":"2023-09-19T19:19:41","date_gmt":"2023-09-19T17:19:41","guid":{"rendered":"https:\/\/balticat.pl\/schliessen-sie-sich-uns-an\/"},"modified":"2023-10-04T19:18:31","modified_gmt":"2023-10-04T17:18:31","slug":"schliessen-sie-sich-uns-an","status":"publish","type":"page","link":"https:\/\/balticat.pl\/de\/schliessen-sie-sich-uns-an\/","title":{"rendered":"Schlie\u00dfen Sie sich uns an"},"content":{"rendered":"<style>.kb-row-layout-id1116_e16fbb-26 > .kt-row-column-wrap{align-content:start;}:where(.kb-row-layout-id1116_e16fbb-26 > .kt-row-column-wrap) > .wp-block-kadence-column{justify-content:start;}.kb-row-layout-id1116_e16fbb-26 > .kt-row-column-wrap{column-gap:var(--global-kb-gap-md, 2rem);row-gap:var(--global-kb-gap-md, 2rem);padding-top:var(--global-kb-spacing-lg, 3rem);padding-bottom:var(--global-kb-spacing-lg, 3rem);grid-template-columns:minmax(0, 1fr);}.kb-row-layout-id1116_e16fbb-26 > .kt-row-layout-overlay{opacity:1;background-image:url('https:\/\/balticat.pl\/wp-content\/uploads\/2023\/09\/2222.png');background-size:cover;background-position:100% 64%;background-attachment:fixed;background-repeat:no-repeat;}.kb-row-layout-id1116_e16fbb-26 .kt-row-layout-bottom-sep{height:30px;}.kb-row-layout-id1116_e16fbb-26 .kt-row-layout-bottom-sep svg{width:100%;}.kb-row-layout-id1116_e16fbb-26 .kt-row-layout-bottom-sep svg{fill:#e67817!important;}.kb-row-layout-id1116_e16fbb-26 .kt-row-layout-top-sep{height:100px;}.kb-row-layout-id1116_e16fbb-26 .kt-row-layout-top-sep svg{fill:#ffffff!important;}@media all and (max-width: 1024px){.kb-row-layout-id1116_e16fbb-26 > .kt-row-column-wrap{grid-template-columns:minmax(0, 1fr);}}@media all and (max-width: 1024px){.kb-row-layout-id1116_e16fbb-26 .kt-row-layout-bottom-sep{height:px;}}@media all and (max-width: 1024px){.kb-row-layout-id1116_e16fbb-26 .kt-row-layout-bottom-sep svg{width:%;}}@media all and (max-width: 767px){.kb-row-layout-id1116_e16fbb-26 > .kt-row-column-wrap{grid-template-columns:minmax(0, 1fr);}.kb-row-layout-id1116_e16fbb-26 .kt-row-layout-bottom-sep{height:px;}.kb-row-layout-id1116_e16fbb-26 .kt-row-layout-bottom-sep svg{width:%;}}<\/style><div class=\"kb-row-layout-wrap kb-row-layout-id1116_e16fbb-26 alignnone kt-row-has-bg wp-block-kadence-rowlayout\"><div class=\"kt-row-layout-overlay kt-row-overlay-normal kt-jarallax\"><\/div><div class=\"kt-row-layout-bottom-sep kt-row-sep-type-sltr\"><svg viewBox=\"0 0 1000 100\" preserveAspectRatio=\"none\"><path d=\"M0,0l1000,100l-1000,0l0,-100Z\" \/><\/svg><\/div><div class=\"kt-row-column-wrap kt-has-1-columns kt-row-layout-equal kt-tab-layout-inherit kt-mobile-layout-row kt-row-valign-top\">\n<style>.kadence-column1116_00077d-81 > .kt-inside-inner-col,.kadence-column1116_00077d-81 > .kt-inside-inner-col:before{border-top-left-radius:0px;border-top-right-radius:0px;border-bottom-right-radius:0px;border-bottom-left-radius:0px;}.kadence-column1116_00077d-81 > .kt-inside-inner-col:before{opacity:0.3;}.kadence-column1116_00077d-81{position:relative;}<\/style>\n<div class=\"wp-block-kadence-column kadence-column1116_00077d-81\"><div class=\"kt-inside-inner-col\"><style>.wp-block-kadence-advancedheading.kt-adv-heading1116_1a96d7-2c, .wp-block-kadence-advancedheading.kt-adv-heading1116_1a96d7-2c[data-kb-block=\"kb-adv-heading1116_1a96d7-2c\"]{text-align:center;font-size:40px;font-weight:800;font-style:normal;font-family:Montserrat;text-transform:uppercase;}.wp-block-kadence-advancedheading.kt-adv-heading1116_1a96d7-2c mark, .wp-block-kadence-advancedheading.kt-adv-heading1116_1a96d7-2c[data-kb-block=\"kb-adv-heading1116_1a96d7-2c\"] mark{font-style:normal;color:#f76a0c;padding-top:0px;padding-right:0px;padding-bottom:0px;padding-left:0px;}@media all and (max-width: 767px){.wp-block-kadence-advancedheading.kt-adv-heading1116_1a96d7-2c, .wp-block-kadence-advancedheading.kt-adv-heading1116_1a96d7-2c[data-kb-block=\"kb-adv-heading1116_1a96d7-2c\"]{font-size:20px;}}<\/style>\n<h2 class=\"kt-adv-heading1116_1a96d7-2c wp-block-kadence-advancedheading has-theme-palette-9-color has-text-color\" data-kb-block=\"kb-adv-heading1116_1a96d7-2c\">Schlie\u00dfen Sie sich uns an<\/h2>\n<\/div><\/div>\n\n<\/div><\/div><style>.kb-row-layout-id1116_54df6a-b3 > .kt-row-column-wrap{align-content:start;}:where(.kb-row-layout-id1116_54df6a-b3 > .kt-row-column-wrap) > .wp-block-kadence-column{justify-content:start;}.kb-row-layout-id1116_54df6a-b3 > .kt-row-column-wrap{column-gap:var(--global-kb-gap-md, 2rem);row-gap:var(--global-kb-gap-md, 2rem);max-width:var( --global-content-width, 1290px );padding-left:var(--global-content-edge-padding);padding-right:var(--global-content-edge-padding);padding-top:var(--global-kb-spacing-md, 2rem);padding-bottom:var(--global-kb-spacing-lg, 3rem);grid-template-columns:minmax(0, 1fr);}.kb-row-layout-id1116_54df6a-b3 > .kt-row-layout-overlay{opacity:0.30;}@media all and (max-width: 1024px){.kb-row-layout-id1116_54df6a-b3 > .kt-row-column-wrap{grid-template-columns:minmax(0, 1fr);}}@media all and (max-width: 767px){.kb-row-layout-id1116_54df6a-b3 > .kt-row-column-wrap{grid-template-columns:minmax(0, 1fr);}}<\/style><div class=\"kb-row-layout-wrap kb-row-layout-id1116_54df6a-b3 alignnone wp-block-kadence-rowlayout\"><div class=\"kt-row-column-wrap kt-has-1-columns kt-row-layout-equal kt-tab-layout-inherit kt-mobile-layout-row kt-row-valign-top kb-theme-content-width\">\n<style>.kadence-column1116_4883ca-12 > .kt-inside-inner-col,.kadence-column1116_4883ca-12 > .kt-inside-inner-col:before{border-top-left-radius:0px;border-top-right-radius:0px;border-bottom-right-radius:0px;border-bottom-left-radius:0px;}.kadence-column1116_4883ca-12 > .kt-inside-inner-col:before{opacity:0.3;}.kadence-column1116_4883ca-12{position:relative;}<\/style>\n<div class=\"wp-block-kadence-column kadence-column1116_4883ca-12\"><div class=\"kt-inside-inner-col\"><style>.wp-block-kadence-advancedheading.kt-adv-heading1116_5e2c95-91, .wp-block-kadence-advancedheading.kt-adv-heading1116_5e2c95-91[data-kb-block=\"kb-adv-heading1116_5e2c95-91\"]{font-style:normal;}.wp-block-kadence-advancedheading.kt-adv-heading1116_5e2c95-91 mark, .wp-block-kadence-advancedheading.kt-adv-heading1116_5e2c95-91[data-kb-block=\"kb-adv-heading1116_5e2c95-91\"] mark{font-style:normal;color:#f76a0c;padding-top:0px;padding-right:0px;padding-bottom:0px;padding-left:0px;}<\/style>\n<h2 class=\"kt-adv-heading1116_5e2c95-91 wp-block-kadence-advancedheading\" data-kb-block=\"kb-adv-heading1116_5e2c95-91\"><strong>Treten Sie unserem Team bei bei Baltic Automotive Technologies Sp z o.o.!<\/strong><\/h2>\n\n\n<style>.wp-block-kadence-spacer.kt-block-spacer-1116_b2c65b-e9 .kt-block-spacer{height:6px;}.wp-block-kadence-spacer.kt-block-spacer-1116_b2c65b-e9 .kt-divider{border-top-width:4px;border-top-color:#e77717;width:4%;border-top-style:solid;}<\/style>\n<div class=\"wp-block-kadence-spacer aligncenter kt-block-spacer-1116_b2c65b-e9\"><div class=\"kt-block-spacer kt-block-spacer-halign-left\"><hr class=\"kt-divider\"\/><\/div><\/div>\n\n\n<style>.wp-block-kadence-advancedheading.kt-adv-heading1116_566323-61, .wp-block-kadence-advancedheading.kt-adv-heading1116_566323-61[data-kb-block=\"kb-adv-heading1116_566323-61\"]{padding-bottom:var(--global-kb-spacing-sm, 1.5rem);font-size:18px;font-weight:400;font-style:normal;font-family:Montserrat;}.wp-block-kadence-advancedheading.kt-adv-heading1116_566323-61 mark, .wp-block-kadence-advancedheading.kt-adv-heading1116_566323-61[data-kb-block=\"kb-adv-heading1116_566323-61\"] mark{font-style:normal;color:#f76a0c;padding-top:0px;padding-right:0px;padding-bottom:0px;padding-left:0px;}<\/style>\n<h2 class=\"kt-adv-heading1116_566323-61 wp-block-kadence-advancedheading\" data-kb-block=\"kb-adv-heading1116_566323-61\">Sind Sie bereit f\u00fcr neue Herausforderungen? Suchen Sie nach einer stabilen Anstellung in einem renommierten Unternehmen der Metallverarbeitungsbranche? Wenn ja, sind Sie bei uns genau richtig!<\/h2>\n\n\n<style>.wp-block-kadence-advancedheading.kt-adv-heading1116_e5a1c8-45, .wp-block-kadence-advancedheading.kt-adv-heading1116_e5a1c8-45[data-kb-block=\"kb-adv-heading1116_e5a1c8-45\"]{font-size:20px;font-weight:400;font-style:normal;font-family:Montserrat;}.wp-block-kadence-advancedheading.kt-adv-heading1116_e5a1c8-45 mark, .wp-block-kadence-advancedheading.kt-adv-heading1116_e5a1c8-45[data-kb-block=\"kb-adv-heading1116_e5a1c8-45\"] mark{font-style:normal;color:#f76a0c;padding-top:0px;padding-right:0px;padding-bottom:0px;padding-left:0px;}<\/style>\n<h2 class=\"kt-adv-heading1116_e5a1c8-45 wp-block-kadence-advancedheading\" data-kb-block=\"kb-adv-heading1116_e5a1c8-45\"><strong>Was wir bieten:<\/strong><\/h2>\n\n\n\n<ul class=\"wp-block-list\">\n<li style=\"font-size:18px\"><strong>Stabile Anstellung:<\/strong> Wir bieten allen unseren Mitarbeitern Arbeitsvertr\u00e4ge, die langfristige Arbeitsplatzsicherheit gew\u00e4hrleisten.<\/li>\n\n\n\n<li><strong>Unterst\u00fctzung und Schulungen:<\/strong> Wir erwarten keine Vorerfahrung von Ihnen. Wir verlangen lediglich Grundkenntnisse im technischen Zeichnen und Metallverarbeitung. Wir garantieren Ihnen Unterst\u00fctzung und praktische<\/li>\n\n\n\n<li><strong>Berufliche Weiterentwicklung:<\/strong> Bei uns haben Sie die M\u00f6glichkeit zur kontinuierlichen beruflichen Weiterentwicklung. Wir unterst\u00fctzen Ihre Ambitionen und helfen Ihnen, Ihre Karriereziele zu erreichen.<\/li>\n\n\n\n<li><strong>Spannende Arbeit<\/strong>: Unsere Arbeit ist voller t\u00e4glicher Herausforderungen und Leidenschaft. Wir bieten eine stabile Anstellung, die gleichzeitig interessant und befriedigend ist.<\/li>\n\n\n\n<li><strong>Atmosph\u00e4re von Profis und Enthusiasten:<\/strong> Sie werden sich einem Team anschlie\u00dfen, in dem die Leidenschaft f\u00fcr die Arbeit uns alle verbindet. Unser Unternehmen ist ein Ort, an dem Professionalit\u00e4t und Engagement an erster Stelle stehen.<\/li>\n<\/ul>\n\n\n<style>.wp-block-kadence-advancedheading.kt-adv-heading1116_189830-1a, .wp-block-kadence-advancedheading.kt-adv-heading1116_189830-1a[data-kb-block=\"kb-adv-heading1116_189830-1a\"]{font-size:20px;font-weight:400;font-style:normal;font-family:Montserrat;}.wp-block-kadence-advancedheading.kt-adv-heading1116_189830-1a mark, .wp-block-kadence-advancedheading.kt-adv-heading1116_189830-1a[data-kb-block=\"kb-adv-heading1116_189830-1a\"] mark{font-style:normal;color:#f76a0c;padding-top:0px;padding-right:0px;padding-bottom:0px;padding-left:0px;}<\/style>\n<h2 class=\"kt-adv-heading1116_189830-1a wp-block-kadence-advancedheading\" data-kb-block=\"kb-adv-heading1116_189830-1a\"><strong><strong>Aktuelle Stellen:<\/strong><\/strong><\/h2>\n\n\n\n<ul class=\"wp-block-list\">\n<li>CNC-Maschinenbediener (Dreher)<\/li>\n\n\n\n<li style=\"font-size:18px\">CNC-Maschinenbediener (Fr\u00e4ser)<\/li>\n\n\n\n<li>Programmierer<\/li>\n\n\n\n<li>Schlosser<\/li>\n\n\n\n<li>Monteur<\/li>\n<\/ul>\n\n\n<style>.wp-block-kadence-advancedheading.kt-adv-heading1116_d09632-52, .wp-block-kadence-advancedheading.kt-adv-heading1116_d09632-52[data-kb-block=\"kb-adv-heading1116_d09632-52\"]{font-size:20px;font-weight:400;font-style:normal;font-family:Montserrat;}.wp-block-kadence-advancedheading.kt-adv-heading1116_d09632-52 mark, .wp-block-kadence-advancedheading.kt-adv-heading1116_d09632-52[data-kb-block=\"kb-adv-heading1116_d09632-52\"] mark{font-style:normal;color:#f76a0c;padding-top:0px;padding-right:0px;padding-bottom:0px;padding-left:0px;}<\/style>\n<h2 class=\"kt-adv-heading1116_d09632-52 wp-block-kadence-advancedheading\" data-kb-block=\"kb-adv-heading1116_d09632-52\"><strong><strong>Wie Sie sich bewerben k\u00f6nnen:<\/strong><\/strong><\/h2>\n\n\n<style>.wp-block-kadence-advancedheading.kt-adv-heading1116_4a722b-3f, .wp-block-kadence-advancedheading.kt-adv-heading1116_4a722b-3f[data-kb-block=\"kb-adv-heading1116_4a722b-3f\"]{padding-bottom:var(--global-kb-spacing-sm, 1.5rem);font-size:18px;font-weight:400;font-style:normal;font-family:Montserrat;}.wp-block-kadence-advancedheading.kt-adv-heading1116_4a722b-3f mark, .wp-block-kadence-advancedheading.kt-adv-heading1116_4a722b-3f[data-kb-block=\"kb-adv-heading1116_4a722b-3f\"] mark{font-style:normal;color:#f76a0c;padding-top:0px;padding-right:0px;padding-bottom:0px;padding-left:0px;}<\/style>\n<h2 class=\"kt-adv-heading1116_4a722b-3f wp-block-kadence-advancedheading\" data-kb-block=\"kb-adv-heading1116_4a722b-3f\">Wenn Sie an einer Anstellung in unserem Unternehmen interessiert sind, senden Sie bitte Ihren Lebenslauf und ein Anschreiben an die folgende E-Mail-Adresse: <a href=\"mailto:info@balticat.pl\">info@balticat.pl<\/a><\/h2>\n\n\n<style>.wp-block-kadence-advancedheading.kt-adv-heading1116_831adf-c4, .wp-block-kadence-advancedheading.kt-adv-heading1116_831adf-c4[data-kb-block=\"kb-adv-heading1116_831adf-c4\"]{padding-bottom:var(--global-kb-spacing-sm, 1.5rem);font-size:18px;font-weight:400;font-style:normal;font-family:Montserrat;}.wp-block-kadence-advancedheading.kt-adv-heading1116_831adf-c4 mark, .wp-block-kadence-advancedheading.kt-adv-heading1116_831adf-c4[data-kb-block=\"kb-adv-heading1116_831adf-c4\"] mark{font-style:normal;color:#f76a0c;padding-top:0px;padding-right:0px;padding-bottom:0px;padding-left:0px;}<\/style>\n<h2 class=\"kt-adv-heading1116_831adf-c4 wp-block-kadence-advancedheading\" data-kb-block=\"kb-adv-heading1116_831adf-c4\">In Ihrem Lebenslauf und Anschreiben f\u00fcgen Sie bitte die Datenschutzerkl\u00e4rung hinzu:<\/h2>\n\n\n<style>.wp-block-kadence-advancedheading.kt-adv-heading1116_0ace61-da, .wp-block-kadence-advancedheading.kt-adv-heading1116_0ace61-da[data-kb-block=\"kb-adv-heading1116_0ace61-da\"]{padding-bottom:var(--global-kb-spacing-xs, 1rem);font-size:18px;font-weight:400;font-style:normal;font-family:Montserrat;}.wp-block-kadence-advancedheading.kt-adv-heading1116_0ace61-da mark, .wp-block-kadence-advancedheading.kt-adv-heading1116_0ace61-da[data-kb-block=\"kb-adv-heading1116_0ace61-da\"] mark{font-style:normal;color:#f76a0c;padding-top:0px;padding-right:0px;padding-bottom:0px;padding-left:0px;}<\/style>\n<h2 class=\"kt-adv-heading1116_0ace61-da wp-block-kadence-advancedheading\" data-kb-block=\"kb-adv-heading1116_0ace61-da\"><em>&#8222;Ich bin damit einverstanden, dass die in diesem Dokument enthaltenen personenbezogenen Daten im Rahmen des Bewerbungsprozesses gem\u00e4\u00df dem Datenschutzgesetz vom 10. Mai 2018 (BGBl. 2018, Pos. 1000) und gem\u00e4\u00df der Verordnung (EU) 2016\/679 des Europ\u00e4ischen Parlaments und des Rates vom 27. April 2016 zum Schutz nat\u00fcrlicher Personen bei der Verarbeitung personenbezogener Daten und zum freien Datenverkehr sowie zur Aufhebung der Richtlinie 95\/46\/EG (DSGVO) verarbeitet werden d\u00fcrfen.&#8220;<\/em><\/h2>\n\n\n<style>.wp-block-kadence-advancedheading.kt-adv-heading1116_76928f-95, .wp-block-kadence-advancedheading.kt-adv-heading1116_76928f-95[data-kb-block=\"kb-adv-heading1116_76928f-95\"]{font-size:18px;font-weight:400;font-style:normal;font-family:Montserrat;}.wp-block-kadence-advancedheading.kt-adv-heading1116_76928f-95 mark, .wp-block-kadence-advancedheading.kt-adv-heading1116_76928f-95[data-kb-block=\"kb-adv-heading1116_76928f-95\"] mark{font-style:normal;color:#f76a0c;padding-top:0px;padding-right:0px;padding-bottom:0px;padding-left:0px;}<\/style>\n<h2 class=\"kt-adv-heading1116_76928f-95 wp-block-kadence-advancedheading\" data-kb-block=\"kb-adv-heading1116_76928f-95\"><em><strong>Schlie\u00dfen Sie sich uns an und gestalten Sie gemeinsam die Zukunft der Metallverarbeitungsbranche!<\/strong><\/em><\/h2>\n<\/div><\/div>\n\n<\/div><\/div>","protected":false},"excerpt":{"rendered":"<p>Schlie\u00dfen Sie sich uns an Treten Sie unserem Team bei bei Baltic Automotive Technologies Sp z o.o.! Sind Sie bereit f\u00fcr neue Herausforderungen? Suchen Sie nach einer stabilen Anstellung in einem renommierten Unternehmen der Metallverarbeitungsbranche? Wenn ja, sind Sie bei uns genau richtig! Was wir bieten: Aktuelle Stellen: Wie Sie sich bewerben k\u00f6nnen: Wenn Sie&#8230;<\/p>\n","protected":false},"author":1,"featured_media":0,"parent":0,"menu_order":0,"comment_status":"closed","ping_status":"closed","template":"","meta":{"inline_featured_image":false,"_kad_blocks_custom_css":"","_kad_blocks_head_custom_js":"","_kad_blocks_body_custom_js":"","_kad_blocks_footer_custom_js":"","_kad_post_transparent":"","_kad_post_title":"","_kad_post_layout":"","_kad_post_sidebar_id":"","_kad_post_content_style":"","_kad_post_vertical_padding":"","_kad_post_feature":"","_kad_post_feature_position":"","_kad_post_header":false,"_kad_post_footer":false,"footnotes":""},"class_list":["post-2106","page","type-page","status-publish","hentry"],"taxonomy_info":[],"featured_image_src_large":false,"author_info":{"display_name":"admin_balticat2","author_link":"https:\/\/balticat.pl\/de\/author\/admin_balticat2\/"},"comment_info":0,"_links":{"self":[{"href":"https:\/\/balticat.pl\/de\/wp-json\/wp\/v2\/pages\/2106","targetHints":{"allow":["GET"]}}],"collection":[{"href":"https:\/\/balticat.pl\/de\/wp-json\/wp\/v2\/pages"}],"about":[{"href":"https:\/\/balticat.pl\/de\/wp-json\/wp\/v2\/types\/page"}],"author":[{"embeddable":true,"href":"https:\/\/balticat.pl\/de\/wp-json\/wp\/v2\/users\/1"}],"replies":[{"embeddable":true,"href":"https:\/\/balticat.pl\/de\/wp-json\/wp\/v2\/comments?post=2106"}],"version-history":[{"count":0,"href":"https:\/\/balticat.pl\/de\/wp-json\/wp\/v2\/pages\/2106\/revisions"}],"wp:attachment":[{"href":"https:\/\/balticat.pl\/de\/wp-json\/wp\/v2\/media?parent=2106"}],"curies":[{"name":"wp","href":"https:\/\/api.w.org\/{rel}","templated":true}]}}